{"id":2819,"date":"2015-01-22T13:00:52","date_gmt":"2015-01-22T12:00:52","guid":{"rendered":"https:\/\/www.agrogaz.fr\/informacion-juridica\/"},"modified":"2023-08-23T10:26:44","modified_gmt":"2023-08-23T08:26:44","slug":"informacion-juridica","status":"publish","type":"page","link":"https:\/\/www.agrogaz.fr\/es\/informacion-juridica\/","title":{"rendered":"Informaci\u00f3n jur\u00eddica"},"content":{"rendered":"[vc_row type=\u00bbin_container\u00bb full_screen_row_position=\u00bbmiddle\u00bb scene_position=\u00bbcenter\u00bb text_color=\u00bbdark\u00bb text_align=\u00bbleft\u00bb top_padding=\u00bb5%\u00bb overlay_strength=\u00bb0.3&#8243; shape_divider_position=\u00bbbottom\u00bb bg_image_animation=\u00bbnone\u00bb][vc_column column_padding=\u00bbno-extra-padding\u00bb column_padding_position=\u00bbright\u00bb background_color_opacity=\u00bb1&#8243; background_hover_color_opacity=\u00bb1&#8243; column_link_target=\u00bb_self\u00bb column_shadow=\u00bbnone\u00bb column_border_radius=\u00bbnone\u00bb width=\u00bb1\/3&#8243; tablet_width_inherit=\u00bbdefault\u00bb tablet_text_alignment=\u00bbdefault\u00bb phone_text_alignment=\u00bbdefault\u00bb column_border_width=\u00bbnone\u00bb column_border_style=\u00bbsolid\u00bb bg_image_animation=\u00bbnone\u00bb][vc_column_text]<img decoding=\"async\" class=\"alignnone wp-image-529 size-full\" src=\"http:\/\/www.agrogaz.fr\/wp-content\/uploads\/2015\/01\/stripes_blue.jpg\" alt=\"\" width=\"610\" height=\"80\" srcset=\"https:\/\/www.agrogaz.fr\/wp-content\/uploads\/2015\/01\/stripes_blue.jpg 610w, https:\/\/www.agrogaz.fr\/wp-content\/uploads\/2015\/01\/stripes_blue-300x39.jpg 300w, https:\/\/www.agrogaz.fr\/wp-content\/uploads\/2015\/01\/stripes_blue-600x80.jpg 600w\" sizes=\"(max-width: 610px) 100vw, 610px\" \/><\/p>\n<h3 class=\"blue\">Edici\u00f3n\/publicaci\u00f3n del sitio:<\/h3>\n<p>agrogaz france SAS<br \/>\n14 rue Poitiers<br \/>\n57 970 Yutz<br \/>\nTel\u00e9fono: 03 82 52 67 14<br \/>\nDirecci\u00f3n de correo electr\u00f3nico: info@agrogaz.fr<br \/>\n[divider line_type=\u00bbFull Width Line\u00bb custom_height=\u00bb50&#8243;]\n<h3 class=\"blue\">Nombre de la empresa:<\/h3>\n<p>Sociedad por acciones simplificada con un \u00fanico accionista<br \/>\nCapital social: 100.000 euros<br \/>\nN\u00famero de IVA intracomunitario: FR 56803009794<br \/>\nN\u00ba de sirena: 803 009 794<br \/>\nN\u00famero de llamada: 803 009 794 00030<br \/>\n[divider line_type=\u00bbFull Width Line\u00bb custom_height=\u00bb50&#8243;]\n<h3 class=\"blue\">Director de la publicaci\u00f3n:<\/h3>\n<p>Sebastian Schmidt<\/p>\n[divider line_type=\u00bbFull Width Line\u00bb custom_height=\u00bb50&#8243;]\n<h3 class=\"blue\">Informaci\u00f3n sobre el anfitri\u00f3n :<\/h3>\n<p>STRATO AG<br \/>\n68, rue du Faubourg Saint Honor\u00e9<br \/>\n75008 Par\u00eds<br \/>\n[divider line_type=\u00bbFull Width Line\u00bb custom_height=\u00bb50&#8243;]\n<h3 class=\"blue\">N\u00famero de declaraci\u00f3n Cnil simplificado:<\/h3>\n<p>1837759 v 0[\/vc_column_text][\/vc_column][vc_column column_padding=\u00bbpadding-3-percent\u00bb column_padding_position=\u00bbleft\u00bb background_color_opacity=\u00bb1&#8243; background_hover_color_opacity=\u00bb1&#8243; column_link_target=\u00bb_self\u00bb column_shadow=\u00bbnone\u00bb column_border_radius=\u00bbnone\u00bb width=\u00bb2\/3&#8243; tablet_width_inherit=\u00bbdefault\u00bb tablet_text_alignment=\u00bbdefault\u00bb phone_text_alignment=\u00bbdefault\u00bb column_border_width=\u00bbnone\u00bb column_border_style=\u00bbsolid\u00bb bg_image_animation=\u00bbnone\u00bb][vc_column_text]\n<h2 class=\"blue\">Informaci\u00f3n sobre la protecci\u00f3n de datos en Agrogaz France SAS<\/h2>\n<p>Agrogaz France SAS se compromete a garantizar el m\u00e1ximo nivel de protecci\u00f3n de los datos personales de sus clientes. Consulte la informaci\u00f3n sobre protecci\u00f3n de datos, c\u00f3mo se utilizan y a qui\u00e9n se revelan:[\/vc_column_text][divider line_type=\u00bbFull Width Line\u00bb line_thickness=\u00bb1&#8243; divider_color=\u00bbdefault\u00bb custom_height=\u00bb50&#8243;][vc_column_text]\n<h3 class=\"blue\">1) Recogida, tratamiento, uso y transmisi\u00f3n de datos personales<\/h3>\n<p>1.1 S\u00f3lo almacenamos datos personales si usted nos los facilita para tramitar su pedido. Los datos que nos facilite a este respecto se utilizar\u00e1n exclusivamente para tramitar su pedido y cualquier reclamaci\u00f3n que pueda tener.<\/p>\n<p>1.2 En el marco de la ejecuci\u00f3n de su pedido, transmitimos sus datos a proveedores y prestadores de servicios que los utilizan exclusivamente en nuestro nombre.<\/p>\n<p>1.3 Una vez ejecutado el contrato en su totalidad, sus datos ser\u00e1n bloqueados de acuerdo con los plazos establecidos por la legislaci\u00f3n fiscal y mercantil. Una vez transcurridos estos plazos, sus datos se eliminar\u00e1n, a menos que haya dado su permiso expl\u00edcito para que se utilicen m\u00e1s all\u00e1 de estos plazos.[\/vc_column_text][divider line_type=\u00bbFull Width Line\u00bb line_thickness=\u00bb1&#8243; divider_color=\u00bbdefault\u00bb custom_height=\u00bb50&#8243;][vc_column_text]\n<h3 class=\"blue\">2) Derecho de acceso, modificaci\u00f3n, supresi\u00f3n y oposici\u00f3n<\/h3>\n<p>Usted puede, en cualquier momento, solicitar a Agrogaz France SAS el acceso a sus datos personales. Tambi\u00e9n tiene derecho a modificar o suprimir dichos datos y a oponerse, por motivos leg\u00edtimos, a que los procesemos.<\/p>\n<p>Para ejercer estos derechos, p\u00f3ngase en contacto con el responsable del tratamiento, Sebastian Schmidt, 42, esplanade de la brasserie, 57 970 Yutz.[\/vc_column_text][divider line_type=\u00bbFull Width Line\u00bb line_thickness=\u00bb1&#8243; divider_color=\u00bbdefault\u00bb custom_height=\u00bb50&#8243;][vc_column_text]\n<h3 class=\"blue\">3) Uso de cookies y negativa a guardarlas<\/h3>\n<p>Utilizamos cookies como parte de nuestros servicios electr\u00f3nicos. Una cookie es un peque\u00f1o y sencillo archivo que se env\u00eda cuando visita p\u00e1ginas de nuestro sitio web y que su navegador almacena en el disco duro de su ordenador. Estas cookies nos permiten, por ejemplo, adaptar m\u00e1s un sitio a sus intereses o guardar su contrase\u00f1a para que no tenga que introducirla cada vez que se conecte. Tenga en cuenta que nuestro servidor almacena algunas cookies en su ordenador. En la mayor\u00eda de los casos, se trata de las denominadas \u00abcookies de sesi\u00f3n\u00bb. Las cookies de sesi\u00f3n se borran autom\u00e1ticamente de su disco duro. Las cookies tambi\u00e9n se almacenan en su disco duro. Nos permiten identificarle autom\u00e1ticamente la pr\u00f3xima vez que nos visite (las llamadas cookies de larga duraci\u00f3n).<\/p>\n<p>Puede rechazar el uso de cookies modificando la configuraci\u00f3n correspondiente en el software de su navegador. Sin embargo, esto puede limitar la funcionalidad y facilidad de uso del sitio web.[\/vc_column_text][divider line_type=\u00bbFull Width Line\u00bb line_thickness=\u00bb1&#8243; divider_color=\u00bbdefault\u00bb custom_height=\u00bb50&#8243;][vc_column_text]\n<h3 class=\"blue\">4) Uso de Google Analytics<\/h3>\n<p>Nuestro sitio web utiliza Google Analytics, un servicio de an\u00e1lisis web prestado por Google Inc. (\u00abGoogle\u00bb). Google Analytics utiliza \u00abcookies\u00bb, que son archivos de texto ubicados en su ordenador, para ayudar al website a analizar el uso que hacen los usuarios del sitio web. La informaci\u00f3n que genera la cookie acerca de su uso del website ser\u00e1 directamente transmitida y archivada por Google en los servidores de Estados Unidos.<\/p>\n<p>Si se activa la anonimizaci\u00f3n de IP en este sitio web, Google acortar\u00e1 su direcci\u00f3n IP dentro de los Estados miembros de la Uni\u00f3n Europea o en otros pa\u00edses que hayan firmado el Acuerdo sobre el Espacio Econ\u00f3mico Europeo. S\u00f3lo en casos excepcionales se transmitir\u00e1 la direcci\u00f3n IP completa a un servidor de Google en EE.UU., donde se acortar\u00e1. Google usar\u00e1 esta informaci\u00f3n por cuenta nuestra con el prop\u00f3sito de seguir la pista de su uso del website, recopilando informes de la actividad del website y prestando otros servicios relacionados con la actividad del website y el uso de Internet a los operadores de sitios web.<\/p>\n<p>La direcci\u00f3n IP transmitida por su navegador como parte de Google Analytics no se combinar\u00e1 con otros datos de Google. Puede evitar que se almacenen cookies ajustando el software de su navegador en consecuencia, pero tenga en cuenta que si lo hace es posible que no pueda utilizar todas las funciones de este sitio web. Tambi\u00e9n puede evitar que Google recopile y procese la cookie y otros datos relacionados con su uso del sitio web (incluida su direcci\u00f3n IP) descargando e instalando el complemento del navegador disponible en (<a title=\"http:\/\/tools.google.com\/dlpage\/gaoptout?hl=fr\" href=\"http:\/\/tools.google.com\/dlpage\/gaoptout?hl=fr\">http:\/\/tools.google.com\/dlpage\/gaoptout?hl=fr)<\/a>.[\/vc_column_text][divider line_type=\u00bbFull Width Line\u00bb line_thickness=\u00bb1&#8243; divider_color=\u00bbdefault\u00bb custom_height=\u00bb50&#8243;][vc_column_text]\n<h3 class=\"blue\">5) Responsabilidad de Agrogaz France por el contenido de la p\u00e1gina web<\/h3>\n<p>agrogaz france no puede garantizar la exactitud, precisi\u00f3n, actualizaci\u00f3n o exhaustividad de la informaci\u00f3n facilitada.<br \/>\nla exhaustividad de la informaci\u00f3n proporcionada en este sitio.<br \/>\nEn consecuencia, Agrogaz France declina toda responsabilidad por los da\u00f1os causados por el uso de sus productos.<br \/>\nimprecisi\u00f3n, inexactitud u omisi\u00f3n relativa a la informaci\u00f3n disponible en<br \/>\neste sitio.[\/vc_column_text][divider line_type=\u00bbFull Width Line\u00bb line_thickness=\u00bb1&#8243; divider_color=\u00bbdefault\u00bb custom_height=\u00bb50&#8243;][vc_column_text]\n<h3 class=\"blue\">6) Propiedad intelectual<\/h3>\n<p>Este sitio y todos los elementos que lo componen (en particular, textos, fotograf\u00edas, marcas, etc.) constituyen una obra en el sentido del C\u00f3digo de la Propiedad Intelectual y, como tal, est\u00e1n sujetos a la legislaci\u00f3n francesa e internacional sobre Propiedad Literaria y Art\u00edstica. La copia de p\u00e1ginas del sitio en cualquier soporte (incluido el disco duro) s\u00f3lo est\u00e1 autorizada para uso privado. Por consiguiente, toda representaci\u00f3n o reproducci\u00f3n, incluso parcial, que pueda hacerse del sitio o de sus elementos constitutivos, con fines comerciales, sin el consentimiento previo por escrito de la sociedad Agrogaz France, es il\u00edcita y susceptible de constituir un acto de falsificaci\u00f3n por el que el falsificador podr\u00e1 ser considerado civil y penalmente responsable.[\/vc_column_text][divider line_type=\u00bbFull Width Line\u00bb line_thickness=\u00bb1&#8243; divider_color=\u00bbdefault\u00bb custom_height=\u00bb50&#8243;][vc_column_text]\n<h3 class=\"blue\">7) Marcas<\/h3>\n<p>Las marcas mencionadas en las p\u00e1ginas de este sitio son marcas registradas de sus respectivos propietarios. De conformidad con la legislaci\u00f3n francesa e internacional sobre propiedad intelectual, queda estrictamente prohibida toda reproducci\u00f3n y\/o utilizaci\u00f3n sin su consentimiento. Este sitio s\u00f3lo incluye algunas de las marcas registradas o utilizadas por Agrogaz France.[\/vc_column_text][divider line_type=\u00bbFull Width Line\u00bb line_thickness=\u00bb1&#8243; divider_color=\u00bbdefault\u00bb custom_height=\u00bb50&#8243;][vc_column_text]\n<h3 class=\"blue\">8) Enlaces de hipertexto<\/h3>\n<p>Agrogaz France no podr\u00e1 ser considerada responsable de los enlaces de hipertexto establecidos en el marco del presente sitio Internet que conduzcan a otros sitios presentes en la red Internet, en lo que respecta a su contenido o a los enlaces que contengan, as\u00ed como a sus condiciones de funcionamiento (en particular, gesti\u00f3n de datos personales, etc.).<\/p>\n<p>La posibilidad de establecer enlaces de hipertexto simples hacia el sitio <a href=\"http:\/\/www.agrogaz.fr\">www.agrogaz.fr<\/a> est\u00e1 sujeta al acuerdo previo de la sociedad Agrogaz France, o de una sociedad del Grupo al que pertenezca. Adem\u00e1s, est\u00e1n prohibidos todos los enlaces de hipertexto profundos o que utilicen la t\u00e9cnica del \u00abframing\u00bb (visualizaci\u00f3n de una p\u00e1gina en un marco dentro de otro sitio).[\/vc_column_text][divider line_type=\u00bbFull Width Line\u00bb line_thickness=\u00bb1&#8243; divider_color=\u00bbdefault\u00bb custom_height=\u00bb50&#8243;][vc_column_text]\n<h3 class=\"blue\">9) Exenci\u00f3n de responsabilidad t\u00e9cnica<\/h3>\n<p>agrogaz france se compromete a hacer todo lo posible para que el sitio web www.agrogaz.fr sea accesible en todo momento. No obstante, Agrogaz France declina toda responsabilidad en caso de dificultad de acceso a su sitio o de interrupci\u00f3n de la conexi\u00f3n, cualesquiera que sean las causas. En particular, Agrogaz France se reserva el derecho de modificar la p\u00e1gina web como considere oportuno, sin previo aviso, incluso si el acceso a la p\u00e1gina web se interrumpe como consecuencia de ello.<\/p>\n<p>Adem\u00e1s, Agrogaz France no se hace responsable de ning\u00fan da\u00f1o directo o indirecto, incluida la inaccesibilidad al sitio, la p\u00e9rdida de datos, el deterioro, la destrucci\u00f3n o los virus que puedan afectar a su equipo inform\u00e1tico, y\/o la presencia de virus en su sitio. Usted reconoce haber comprobado que la configuraci\u00f3n inform\u00e1tica utilizada no contiene virus y est\u00e1 en perfecto estado de funcionamiento.[\/vc_column_text][divider line_type=\u00bbFull Width Line\u00bb line_thickness=\u00bb1&#8243; divider_color=\u00bbdefault\u00bb custom_height=\u00bb50&#8243;][vc_column_text]\n<h3 class=\"blue\">Editorial<\/h3>\n<p>Este sitio est\u00e1 publicado por Agrogaz France SAS.<br \/>\nEl webmaster es agrogaz france SAS.<br \/>\n2016 &#8211; agrogaz france SAS &#8211; Todos los derechos reservados[\/vc_column_text][\/vc_column][\/vc_row][vc_row type=\u00bbin_container\u00bb full_screen_row_position=\u00bbmiddle\u00bb scene_position=\u00bbcenter\u00bb text_color=\u00bbdark\u00bb text_align=\u00bbleft\u00bb bottom_padding=\u00bb10%\u00bb overlay_strength=\u00bb0.3&#8243; shape_divider_position=\u00bbbottom\u00bb bg_image_animation=\u00bbnone\u00bb][vc_column column_padding=\u00bbno-extra-padding\u00bb column_padding_position=\u00bball\u00bb background_color_opacity=\u00bb1&#8243; background_hover_color_opacity=\u00bb1&#8243; column_link_target=\u00bb_self\u00bb column_shadow=\u00bbnone\u00bb column_border_radius=\u00bbnone\u00bb width=\u00bb1\/1&#8243; tablet_width_inherit=\u00bbdefault\u00bb tablet_text_alignment=\u00bbdefault\u00bb phone_text_alignment=\u00bbdefault\u00bb column_border_width=\u00bbnone\u00bb column_border_style=\u00bbsolid\u00bb bg_image_animation=\u00bbnone\u00bb][divider line_type=\u00bbFull Width Line\u00bb line_thickness=\u00bb1&#8243; divider_color=\u00bbdefault\u00bb custom_height=\u00bb13&#8243;][\/vc_column][\/vc_row]\n","protected":false},"excerpt":{"rendered":"<p>[vc_row type=\u00bbin_container\u00bb full_screen_row_position=\u00bbmiddle\u00bb scene_position=\u00bbcenter\u00bb text_color=\u00bbdark\u00bb text_align=\u00bbleft\u00bb top_padding=\u00bb5%\u00bb overlay_strength=\u00bb0.3&#8243; shape_divider_position=\u00bbbottom\u00bb bg_image_animation=\u00bbnone\u00bb][vc_column column_padding=\u00bbno-extra-padding\u00bb column_padding_position=\u00bbright\u00bb background_color_opacity=\u00bb1&#8243; background_hover_color_opacity=\u00bb1&#8243; column_link_target=\u00bb_self\u00bb column_shadow=\u00bbnone\u00bb column_border_radius=\u00bbnone\u00bb width=\u00bb1\/3&#8243; tablet_width_inherit=\u00bbdefault\u00bb tablet_text_alignment=\u00bbdefault\u00bb phone_text_alignment=\u00bbdefault\u00bb column_border_width=\u00bbnone\u00bb column_border_style=\u00bbsolid\u00bb bg_image_animation=\u00bbnone\u00bb][vc_column_text] Edici\u00f3n\/publicaci\u00f3n&#8230;<\/p>\n","protected":false},"author":2,"featured_media":0,"parent":0,"menu_order":0,"comment_status":"closed","ping_status":"open","template":"","meta":{"footnotes":""},"class_list":["post-2819","page","type-page","status-publish"],"_links":{"self":[{"href":"https:\/\/www.agrogaz.fr\/es\/wp-json\/wp\/v2\/pages\/2819","targetHints":{"allow":["GET"]}}],"collection":[{"href":"https:\/\/www.agrogaz.fr\/es\/wp-json\/wp\/v2\/pages"}],"about":[{"href":"https:\/\/www.agrogaz.fr\/es\/wp-json\/wp\/v2\/types\/page"}],"author":[{"embeddable":true,"href":"https:\/\/www.agrogaz.fr\/es\/wp-json\/wp\/v2\/users\/2"}],"replies":[{"embeddable":true,"href":"https:\/\/www.agrogaz.fr\/es\/wp-json\/wp\/v2\/comments?post=2819"}],"version-history":[{"count":2,"href":"https:\/\/www.agrogaz.fr\/es\/wp-json\/wp\/v2\/pages\/2819\/revisions"}],"predecessor-version":[{"id":3381,"href":"https:\/\/www.agrogaz.fr\/es\/wp-json\/wp\/v2\/pages\/2819\/revisions\/3381"}],"wp:attachment":[{"href":"https:\/\/www.agrogaz.fr\/es\/wp-json\/wp\/v2\/media?parent=2819"}],"curies":[{"name":"wp","href":"https:\/\/api.w.org\/{rel}","templated":true}]}}