{"id":2773,"date":"2015-01-22T12:44:43","date_gmt":"2015-01-22T11:44:43","guid":{"rendered":"https:\/\/www.agrogaz.fr\/carrera-profesional\/"},"modified":"2026-03-18T15:42:44","modified_gmt":"2026-03-18T14:42:44","slug":"carrera-profesional","status":"publish","type":"page","link":"https:\/\/www.agrogaz.fr\/es\/carrera-profesional\/","title":{"rendered":"Carrera profesional"},"content":{"rendered":"[vc_row type=\u00bbin_container\u00bb full_screen_row_position=\u00bbmiddle\u00bb column_margin=\u00bbdefault\u00bb column_direction=\u00bbdefault\u00bb column_direction_tablet=\u00bbdefault\u00bb column_direction_phone=\u00bbdefault\u00bb scene_position=\u00bbcenter\u00bb top_padding=\u00bb5%\u00bb text_color=\u00bbdark\u00bb text_align=\u00bbleft\u00bb row_border_radius=\u00bbnone\u00bb row_border_radius_applies=\u00bbbg\u00bb overflow=\u00bbvisible\u00bb overlay_strength=\u00bb0.3&#8243; gradient_direction=\u00bbleft_to_right\u00bb shape_divider_position=\u00bbbottom\u00bb bg_image_animation=\u00bbnone\u00bb][vc_column column_padding=\u00bbno-extra-padding\u00bb column_padding_tablet=\u00bbinherit\u00bb column_padding_phone=\u00bbinherit\u00bb column_padding_position=\u00bball\u00bb column_element_direction_desktop=\u00bbdefault\u00bb column_element_spacing=\u00bbdefault\u00bb desktop_text_alignment=\u00bbdefault\u00bb tablet_text_alignment=\u00bbdefault\u00bb phone_text_alignment=\u00bbdefault\u00bb background_color_opacity=\u00bb1&#8243; background_hover_color_opacity=\u00bb1&#8243; column_backdrop_filter=\u00bbnone\u00bb column_shadow=\u00bbnone\u00bb column_border_radius=\u00bbnone\u00bb column_link_target=\u00bb_self\u00bb column_position=\u00bbdefault\u00bb gradient_direction=\u00bbleft_to_right\u00bb overlay_strength=\u00bb0.3&#8243; width=\u00bb1\/3&#8243; tablet_width_inherit=\u00bbdefault\u00bb animation_type=\u00bbdefault\u00bb bg_image_animation=\u00bbnone\u00bb border_type=\u00bbsimple\u00bb column_border_width=\u00bbnone\u00bb column_border_style=\u00bbsolid\u00bb][vc_column_text]<img decoding=\"async\" class=\"alignnone wp-image-529 size-full\" src=\"http:\/\/www.agrogaz.fr\/wp-content\/uploads\/2015\/01\/stripes_blue.jpg\" alt=\"\" width=\"610\" height=\"80\" srcset=\"https:\/\/www.agrogaz.fr\/wp-content\/uploads\/2015\/01\/stripes_blue.jpg 610w, https:\/\/www.agrogaz.fr\/wp-content\/uploads\/2015\/01\/stripes_blue-300x39.jpg 300w, https:\/\/www.agrogaz.fr\/wp-content\/uploads\/2015\/01\/stripes_blue-600x80.jpg 600w\" sizes=\"(max-width: 610px) 100vw, 610px\" \/><img decoding=\"async\" class=\"alignnone wp-image-1224 size-full\" src=\"http:\/\/www.agrogaz.fr\/wp-content\/uploads\/2015\/01\/karriere_small.jpg\" alt=\"\" width=\"610\" height=\"350\" srcset=\"https:\/\/www.agrogaz.fr\/wp-content\/uploads\/2015\/01\/karriere_small.jpg 610w, https:\/\/www.agrogaz.fr\/wp-content\/uploads\/2015\/01\/karriere_small-300x172.jpg 300w\" sizes=\"(max-width: 610px) 100vw, 610px\" \/>[\/vc_column_text][\/vc_column][vc_column column_padding=\u00bbpadding-3-percent\u00bb column_padding_tablet=\u00bbinherit\u00bb column_padding_phone=\u00bbinherit\u00bb column_padding_position=\u00bbleft\u00bb column_element_direction_desktop=\u00bbdefault\u00bb column_element_spacing=\u00bbdefault\u00bb desktop_text_alignment=\u00bbdefault\u00bb tablet_text_alignment=\u00bbdefault\u00bb phone_text_alignment=\u00bbdefault\u00bb background_color_opacity=\u00bb1&#8243; background_hover_color_opacity=\u00bb1&#8243; column_backdrop_filter=\u00bbnone\u00bb column_shadow=\u00bbnone\u00bb column_border_radius=\u00bbnone\u00bb column_link_target=\u00bb_self\u00bb column_position=\u00bbdefault\u00bb gradient_direction=\u00bbleft_to_right\u00bb overlay_strength=\u00bb0.3&#8243; width=\u00bb2\/3&#8243; tablet_width_inherit=\u00bbdefault\u00bb animation_type=\u00bbdefault\u00bb bg_image_animation=\u00bbnone\u00bb border_type=\u00bbsimple\u00bb column_border_width=\u00bbnone\u00bb column_border_style=\u00bbsolid\u00bb][vc_column_text css=\u00bb\u00bb text_direction=\u00bbdefault\u00bb]\n<h2><\/h2>\n<h2 class=\"blue\">\u00a1Agrogaz Francia est\u00e1 reclutando!<\/h2>\n<p data-start=\"162\" data-end=\"288\">Como parte de nuestra expansi\u00f3n, buscamos regularmente nuevos talentos que nos ayuden a seguir creciendo.<\/p>\n<p data-start=\"162\" data-end=\"288\">Te invitamos a enviar tu solicitud completa a la siguiente direcci\u00f3n <strong data-start=\"441\" data-end=\"467\"><a class=\"cursor-pointer\" href=\"mailto:recrutement@agrogaz.fr\" rel=\"noopener\" data-start=\"443\" data-end=\"465\">recrutement@agrogaz.fr<\/a><\/strong>Todas las solicitudes ser\u00e1n consideradas cuidadosamente.<\/p>\n<p data-start=\"162\" data-end=\"288\">Actualmente buscamos los siguientes perfiles:<\/p>\n[\/vc_column_text][\/vc_column][\/vc_row][vc_row type=\u00bbin_container\u00bb full_screen_row_position=\u00bbmiddle\u00bb column_margin=\u00bbdefault\u00bb column_direction=\u00bbdefault\u00bb column_direction_tablet=\u00bbdefault\u00bb column_direction_phone=\u00bbdefault\u00bb scene_position=\u00bbcenter\u00bb text_color=\u00bbdark\u00bb text_align=\u00bbleft\u00bb row_border_radius=\u00bbnone\u00bb row_border_radius_applies=\u00bbbg\u00bb overflow=\u00bbvisible\u00bb overlay_strength=\u00bb0.3&#8243; gradient_direction=\u00bbleft_to_right\u00bb shape_divider_position=\u00bbbottom\u00bb bg_image_animation=\u00bbnone\u00bb][vc_column column_padding=\u00bbno-extra-padding\u00bb column_padding_tablet=\u00bbinherit\u00bb column_padding_phone=\u00bbinherit\u00bb column_padding_position=\u00bball\u00bb column_element_direction_desktop=\u00bbdefault\u00bb column_element_spacing=\u00bbdefault\u00bb desktop_text_alignment=\u00bbdefault\u00bb tablet_text_alignment=\u00bbdefault\u00bb phone_text_alignment=\u00bbdefault\u00bb background_color_opacity=\u00bb1&#8243; background_hover_color_opacity=\u00bb1&#8243; column_backdrop_filter=\u00bbnone\u00bb column_shadow=\u00bbnone\u00bb column_border_radius=\u00bbnone\u00bb column_link_target=\u00bb_self\u00bb column_position=\u00bbdefault\u00bb gradient_direction=\u00bbleft_to_right\u00bb overlay_strength=\u00bb0.3&#8243; width=\u00bb1\/1&#8243; tablet_width_inherit=\u00bbdefault\u00bb animation_type=\u00bbdefault\u00bb bg_image_animation=\u00bbnone\u00bb border_type=\u00bbsimple\u00bb column_border_width=\u00bbnone\u00bb column_border_style=\u00bbsolid\u00bb][vc_column_text][\/vc_column_text][toggles style=\u00bbdefault\u00bb border_radius=\u00bbnone\u00bb][toggle color=\u00bbAccent-Color\u00bb heading_tag=\u00bbdefault\u00bb heading_tag_functionality=\u00bbdefault\u00bb title=\u00bbT\u00e9cnicos de mantenimiento de la unidad de metanizaci\u00f3n (H\/M)\u00bb][vc_column_text css=\u00bb.vc_custom_1752660759345{padding-top: 50px !important;padding-right: 50px !important;padding-bottom: 50px !important;padding-left: 50px !important;}\u00bb text_direction=\u00bbdefault\u00bb]Puesto a cubrir: Regi\u00f3n de Hauts-de-France &#8211; Inmediatamente<\/p>\n<p>Tipo de contrato: Contrato indefinido &#8211; Contrato de duraci\u00f3n determinada de 218 d\u00edas<\/p>\n<p>AGROGAZ Service es un actor importante en la puesta en marcha y el mantenimiento de unidades de metanizaci\u00f3n. Respaldados por nuestra empresa matriz en Alemania, \u00d6KOBIT, y por AGROGAZ Francia, nuestros conocimientos t\u00e9cnicos, nuestra organizaci\u00f3n y el entusiasmo de nuestros 170 empleados nos han permitido lograr un s\u00f3lido crecimiento tanto en t\u00e9rminos comerciales como humanos. <\/p>\n<p>Nuestra visi\u00f3n es desplegar energ\u00edas verdes renovables en estrecha colaboraci\u00f3n con los agentes locales de los sectores agr\u00edcola e industrial.<\/p>\n<p>Para apoyar nuestra expansi\u00f3n por Francia, y en estrecha colaboraci\u00f3n con nuestra sede central de Yutz (57), buscamos <strong>un T\u00e9cnico de Mantenimiento de Unidades de Metanizaci\u00f3n <\/strong>. Con base en nuestro almac\u00e9n de Villers-Bretonneux, trabajar\u00e1s con nuestros clientes de la regi\u00f3n de Hauts-de-France y alrededores.[\/vc_column_text][vc_column_text css=\u00bb.vc_custom_1752660844108{padding-top: 50px !important;padding-right: 50px !important;padding-bottom: 50px !important;padding-left: 50px !important;}\u00bb text_direction=\u00bbdefault\u00bb]<strong>Tu misi\u00f3n:<\/strong><\/p>\n<ul>\n<li>Realizas el mantenimiento preventivo<\/li>\n<li>Diagnosticas aver\u00edas in situ o a distancia, y realizas el mantenimiento correctivo.<\/li>\n<li>Ser\u00e1s el primer punto de contacto para las preguntas de los clientes de tu zona<\/li>\n<li>Como parte de nuestros equipos, participar\u00e1s en la puesta en marcha y adaptaci\u00f3n de las inversiones de nuestros clientes, asegur\u00e1ndote de que la documentaci\u00f3n se mantiene actualizada.<\/li>\n<li>Elaborar\u00e1s informes t\u00e9cnicos de seguimiento e informar\u00e1s diariamente a la direcci\u00f3n y a los equipos operativos.<\/li>\n<li>Como parte de este puesto, tendr\u00e1s que viajar a diario por la regi\u00f3n y, ocasionalmente, m\u00e1s lejos.<\/li>\n<\/ul>\n<p><strong>Tu perfil:<\/strong><\/p>\n<ul>\n<li>Tienes un t\u00edtulo de BAC o BTS en ingenier\u00eda el\u00e9ctrica, mec\u00e1nica o mantenimiento industrial, &#8230;<\/li>\n<li>Tienes alguna experiencia profesional inicial, idealmente en mantenimiento de sistemas de control automatizados.<\/li>\n<li>Tienes un buen conocimiento de los sistemas automatizados y del software GMAO<\/li>\n<li>Tienes carn\u00e9 de conducir. Se valorar\u00e1n otras cualificaciones profesionales.<\/li>\n<li>Eres aut\u00f3nomo, riguroso y respetuoso con las instrucciones<\/li>\n<li>Eres receptivo y buen profesor, tienes buenas habilidades interpersonales y te implicas con nuestros clientes.<\/li>\n<li>Estar\u00e1s disponible para viajar m\u00e1s lejos, incluyendo pernoctaciones regulares en hoteles.<\/li>\n<li>Lo ideal es que vivas en la regi\u00f3n de Hauts-de-France.<\/li>\n<\/ul>\n<p><strong>Condiciones propuestas:<\/strong><\/p>\n<ul>\n<li>Remuneraci\u00f3n atractiva seg\u00fan el perfil <em>(de 30.000 a 36.000 euros brutos anuales)<\/em><\/li>\n<li>Dispondr\u00e1s de un veh\u00edculo de empresa, as\u00ed como de los equipos y materiales profesionales m\u00e1s adecuados.<\/li>\n<li>Pago de los gastos de tu empresa<\/li>\n<li>Formaci\u00f3n inicial y continua como parte de un equipo din\u00e1mico y abierto, especialmente en nuestra sede central.<\/li>\n<\/ul>\n<p><strong>\u00bfListo para aceptar el reto?<\/strong><\/p>\n<p>Env\u00eda tu CV y una carta de presentaci\u00f3n a recrutement@agrogaz.fr[\/vc_column_text][vc_column_text][\/vc_column_text][\/toggle][\/toggles][\/vc_column][\/vc_row]\n","protected":false},"excerpt":{"rendered":"<p>[vc_row type=\u00bbin_container\u00bb full_screen_row_position=\u00bbmiddle\u00bb column_margin=\u00bbdefault\u00bb column_direction=\u00bbdefault\u00bb column_direction_tablet=\u00bbdefault\u00bb column_direction_phone=\u00bbdefault\u00bb scene_position=\u00bbcenter\u00bb top_padding=\u00bb5%\u00bb text_color=\u00bbdark\u00bb text_align=\u00bbleft\u00bb row_border_radius=\u00bbnone\u00bb row_border_radius_applies=\u00bbbg\u00bb overflow=\u00bbvisible\u00bb overlay_strength=\u00bb0.3&#8243; gradient_direction=\u00bbleft_to_right\u00bb shape_divider_position=\u00bbbottom\u00bb bg_image_animation=\u00bbnone\u00bb][vc_column column_padding=\u00bbno-extra-padding\u00bb column_padding_tablet=\u00bbinherit\u00bb column_padding_phone=\u00bbinherit\u00bb column_padding_position=\u00bball\u00bb column_element_direction_desktop=\u00bbdefault\u00bb column_element_spacing=\u00bbdefault\u00bb desktop_text_alignment=\u00bbdefault\u00bb&#8230;<\/p>\n","protected":false},"author":2,"featured_media":0,"parent":0,"menu_order":0,"comment_status":"closed","ping_status":"open","template":"","meta":{"footnotes":""},"class_list":["post-2773","page","type-page","status-publish"],"_links":{"self":[{"href":"https:\/\/www.agrogaz.fr\/es\/wp-json\/wp\/v2\/pages\/2773","targetHints":{"allow":["GET"]}}],"collection":[{"href":"https:\/\/www.agrogaz.fr\/es\/wp-json\/wp\/v2\/pages"}],"about":[{"href":"https:\/\/www.agrogaz.fr\/es\/wp-json\/wp\/v2\/types\/page"}],"author":[{"embeddable":true,"href":"https:\/\/www.agrogaz.fr\/es\/wp-json\/wp\/v2\/users\/2"}],"replies":[{"embeddable":true,"href":"https:\/\/www.agrogaz.fr\/es\/wp-json\/wp\/v2\/comments?post=2773"}],"version-history":[{"count":2,"href":"https:\/\/www.agrogaz.fr\/es\/wp-json\/wp\/v2\/pages\/2773\/revisions"}],"predecessor-version":[{"id":4076,"href":"https:\/\/www.agrogaz.fr\/es\/wp-json\/wp\/v2\/pages\/2773\/revisions\/4076"}],"wp:attachment":[{"href":"https:\/\/www.agrogaz.fr\/es\/wp-json\/wp\/v2\/media?parent=2773"}],"curies":[{"name":"wp","href":"https:\/\/api.w.org\/{rel}","templated":true}]}}