{"id":2753,"date":"2015-01-22T11:19:28","date_gmt":"2015-01-22T10:19:28","guid":{"rendered":"https:\/\/www.agrogaz.fr\/sistema-de-gestion-de-procesos\/"},"modified":"2023-08-23T10:26:43","modified_gmt":"2023-08-23T08:26:43","slug":"sistema-de-gestion-de-procesos","status":"publish","type":"page","link":"https:\/\/www.agrogaz.fr\/es\/sistema-de-gestion-de-procesos\/","title":{"rendered":"Sistema de gesti\u00f3n de procesos"},"content":{"rendered":"[vc_row type=\u00bbin_container\u00bb full_screen_row_position=\u00bbmiddle\u00bb column_margin=\u00bbdefault\u00bb column_direction=\u00bbdefault\u00bb column_direction_tablet=\u00bbdefault\u00bb column_direction_phone=\u00bbdefault\u00bb scene_position=\u00bbcenter\u00bb top_padding=\u00bb3%\u00bb text_color=\u00bbdark\u00bb text_align=\u00bbleft\u00bb row_border_radius=\u00bbnone\u00bb row_border_radius_applies=\u00bbbg\u00bb overlay_strength=\u00bb0.3&#8243; gradient_direction=\u00bbleft_to_right\u00bb shape_divider_position=\u00bbbottom\u00bb bg_image_animation=\u00bbnone\u00bb][vc_column column_padding=\u00bbpadding-1-percent\u00bb column_padding_tablet=\u00bbinherit\u00bb column_padding_phone=\u00bbinherit\u00bb column_padding_position=\u00bball\u00bb column_element_spacing=\u00bbdefault\u00bb background_color_opacity=\u00bb1&#8243; background_hover_color_opacity=\u00bb1&#8243; column_shadow=\u00bbnone\u00bb column_border_radius=\u00bbnone\u00bb column_link_target=\u00bb_self\u00bb gradient_direction=\u00bbleft_to_right\u00bb overlay_strength=\u00bb0.3&#8243; width=\u00bb5\/6&#8243; tablet_width_inherit=\u00bbdefault\u00bb tablet_text_alignment=\u00bbdefault\u00bb phone_text_alignment=\u00bbdefault\u00bb bg_image_animation=\u00bbnone\u00bb border_type=\u00bbsimple\u00bb column_border_width=\u00bbnone\u00bb column_border_style=\u00bbsolid\u00bb][vc_column_text]\n<h2 class=\"blue\">El Sistema de Gesti\u00f3n de Procesos (SGP):<br \/>\nUna estructura l\u00f3gica con un control intuitivo<\/h2>\n<p>Gracias a nuestro SGP interno, podemos ayudarle activamente a optimizar la eficiencia operativa de su planta de biog\u00e1s y, en concreto, a reducir el consumo de energ\u00eda para maximizar la rentabilidad. A pesar de los complejos requisitos de la tecnolog\u00eda de automatizaci\u00f3n y medici\u00f3n inherentes a las plantas de biog\u00e1s, el SGP es intuitivo y f\u00e1cil de controlar.[\/vc_column_text][\/vc_column][vc_column column_padding=\u00bbno-extra-padding\u00bb column_padding_tablet=\u00bbinherit\u00bb column_padding_phone=\u00bbinherit\u00bb column_padding_position=\u00bball\u00bb column_element_spacing=\u00bbdefault\u00bb background_color_opacity=\u00bb1&#8243; background_hover_color_opacity=\u00bb1&#8243; column_shadow=\u00bbnone\u00bb column_border_radius=\u00bbnone\u00bb column_link_target=\u00bb_self\u00bb gradient_direction=\u00bbleft_to_right\u00bb overlay_strength=\u00bb0.3&#8243; width=\u00bb1\/6&#8243; tablet_width_inherit=\u00bbdefault\u00bb tablet_text_alignment=\u00bbdefault\u00bb phone_text_alignment=\u00bbdefault\u00bb bg_image_animation=\u00bbnone\u00bb border_type=\u00bbsimple\u00bb column_border_width=\u00bbnone\u00bb column_border_style=\u00bbsolid\u00bb][\/vc_column][\/vc_row][vc_row type=\u00bbin_container\u00bb full_screen_row_position=\u00bbmiddle\u00bb column_margin=\u00bbdefault\u00bb column_direction=\u00bbdefault\u00bb column_direction_tablet=\u00bbdefault\u00bb column_direction_phone=\u00bbdefault\u00bb scene_position=\u00bbcenter\u00bb text_color=\u00bbdark\u00bb text_align=\u00bbleft\u00bb row_border_radius=\u00bbnone\u00bb row_border_radius_applies=\u00bbbg\u00bb overlay_strength=\u00bb0.3&#8243; gradient_direction=\u00bbleft_to_right\u00bb shape_divider_position=\u00bbbottom\u00bb bg_image_animation=\u00bbnone\u00bb][vc_column column_padding=\u00bbno-extra-padding\u00bb column_padding_tablet=\u00bbinherit\u00bb column_padding_phone=\u00bbinherit\u00bb column_padding_position=\u00bball\u00bb column_element_spacing=\u00bbdefault\u00bb background_color_opacity=\u00bb1&#8243; background_hover_color_opacity=\u00bb1&#8243; column_shadow=\u00bbnone\u00bb column_border_radius=\u00bbnone\u00bb column_link_target=\u00bb_self\u00bb gradient_direction=\u00bbleft_to_right\u00bb overlay_strength=\u00bb0.3&#8243; width=\u00bb1\/1&#8243; tablet_width_inherit=\u00bbdefault\u00bb tablet_text_alignment=\u00bbdefault\u00bb phone_text_alignment=\u00bbdefault\u00bb bg_image_animation=\u00bbnone\u00bb border_type=\u00bbsimple\u00bb column_border_width=\u00bbnone\u00bb column_border_style=\u00bbsolid\u00bb][vc_column_text][divider line_type=\u00bbFull Width Line\u00bb custom_height=\u00bb13&#8243;]\n<img decoding=\"async\" class=\"alignnone wp-image-1303 size-full\" src=\"http:\/\/www.agrogaz.fr\/wp-content\/uploads\/2015\/01\/pls1.jpg\" alt=\"\" width=\"1200\" height=\"348\" srcset=\"https:\/\/www.agrogaz.fr\/wp-content\/uploads\/2015\/01\/pls1.jpg 1200w, https:\/\/www.agrogaz.fr\/wp-content\/uploads\/2015\/01\/pls1-300x87.jpg 300w, https:\/\/www.agrogaz.fr\/wp-content\/uploads\/2015\/01\/pls1-1024x297.jpg 1024w\" sizes=\"(max-width: 1200px) 100vw, 1200px\" \/>[\/vc_column_text][\/vc_column][\/vc_row][vc_row type=\u00bbin_container\u00bb full_screen_row_position=\u00bbmiddle\u00bb column_margin=\u00bbdefault\u00bb column_direction=\u00bbdefault\u00bb column_direction_tablet=\u00bbdefault\u00bb column_direction_phone=\u00bbdefault\u00bb scene_position=\u00bbcenter\u00bb text_color=\u00bbdark\u00bb text_align=\u00bbleft\u00bb row_border_radius=\u00bbnone\u00bb row_border_radius_applies=\u00bbbg\u00bb overlay_strength=\u00bb0.3&#8243; gradient_direction=\u00bbleft_to_right\u00bb shape_divider_position=\u00bbbottom\u00bb bg_image_animation=\u00bbnone\u00bb][vc_column column_padding=\u00bbpadding-2-percent\u00bb column_padding_tablet=\u00bbinherit\u00bb column_padding_phone=\u00bbinherit\u00bb column_padding_position=\u00bball\u00bb column_element_spacing=\u00bbdefault\u00bb background_color_opacity=\u00bb1&#8243; background_hover_color_opacity=\u00bb1&#8243; column_shadow=\u00bbnone\u00bb column_border_radius=\u00bbnone\u00bb column_link_target=\u00bb_self\u00bb gradient_direction=\u00bbleft_to_right\u00bb overlay_strength=\u00bb0.3&#8243; width=\u00bb1\/3&#8243; tablet_width_inherit=\u00bbdefault\u00bb tablet_text_alignment=\u00bbdefault\u00bb phone_text_alignment=\u00bbdefault\u00bb bg_image_animation=\u00bbnone\u00bb border_type=\u00bbsimple\u00bb column_border_width=\u00bbnone\u00bb column_border_style=\u00bbsolid\u00bb][divider line_type=\u00bbFull Width Line\u00bb line_thickness=\u00bb1&#8243; divider_color=\u00bbdefault\u00bb custom_height=\u00bb13&#8243;][vc_column_text]\n<h3 class=\"blue\" style=\"text-align: center;\">AUTOMATIZACI\u00d3N<\/h3>\n[\/vc_column_text][divider line_type=\u00bbFull Width Line\u00bb line_thickness=\u00bb1&#8243; divider_color=\u00bbdefault\u00bb custom_height=\u00bb13&#8243;][divider line_type=\u00bbNo Line\u00bb custom_height=\u00bb25&#8243;][vc_column_text]<img decoding=\"async\" class=\"hide_on_desktop_center aligncenter wp-image-856 size-medium\" src=\"http:\/\/www.agrogaz.fr\/wp-content\/uploads\/2015\/01\/smart_03-300x172.jpg\" alt=\"\" width=\"300\" height=\"172\" srcset=\"https:\/\/www.agrogaz.fr\/wp-content\/uploads\/2015\/01\/smart_03-300x172.jpg 300w, https:\/\/www.agrogaz.fr\/wp-content\/uploads\/2015\/01\/smart_03.jpg 610w\" sizes=\"(max-width: 300px) 100vw, 300px\" \/>[\/vc_column_text][divider line_type=\u00bbFull Width Line\u00bb line_thickness=\u00bb1&#8243; divider_color=\u00bbdefault\u00bb custom_height=\u00bb75&#8243;][vc_column_text]\n<h3><span class=\"blue\">La soluci\u00f3n b\u00e1sica con un nivel m\u00e1ximo:<\/span><\/h3>\n<p>La gesti\u00f3n integrada de la carga garantiza un factor de simultaneidad m\u00ednimo. Cuando la planta est\u00e1 en marcha, esto significa que el menor n\u00famero posible de consumidores (mezcladores, bombas, dosificadores) funcionan al mismo tiempo y est\u00e1n temporizados activamente. Cuando la cantidad y los procesos regulados coinciden, la gesti\u00f3n autom\u00e1tica de la carga interviene y realiza las operaciones necesarias seg\u00fan una priorizaci\u00f3n predefinida. Esto ahorra costes de conexi\u00f3n y suministro, y garantiza que el sistema funcione con la mayor eficacia posible.[\/vc_column_text][\/vc_column][vc_column column_padding=\u00bbpadding-2-percent\u00bb column_padding_tablet=\u00bbinherit\u00bb column_padding_phone=\u00bbinherit\u00bb column_padding_position=\u00bball\u00bb column_element_spacing=\u00bbdefault\u00bb background_color_opacity=\u00bb1&#8243; background_hover_color_opacity=\u00bb1&#8243; column_shadow=\u00bbnone\u00bb column_border_radius=\u00bbnone\u00bb column_link_target=\u00bb_self\u00bb gradient_direction=\u00bbleft_to_right\u00bb overlay_strength=\u00bb0.3&#8243; width=\u00bb1\/3&#8243; tablet_width_inherit=\u00bbdefault\u00bb tablet_text_alignment=\u00bbdefault\u00bb phone_text_alignment=\u00bbdefault\u00bb bg_image_animation=\u00bbnone\u00bb border_type=\u00bbsimple\u00bb column_border_width=\u00bbnone\u00bb column_border_style=\u00bbsolid\u00bb][divider line_type=\u00bbFull Width Line\u00bb line_thickness=\u00bb1&#8243; divider_color=\u00bbdefault\u00bb custom_height=\u00bb13&#8243;][vc_column_text]\n<h3 class=\"blue\" style=\"text-align: center;\">INTERFAZ<\/h3>\n[\/vc_column_text][divider line_type=\u00bbFull Width Line\u00bb line_thickness=\u00bb1&#8243; divider_color=\u00bbdefault\u00bb custom_height=\u00bb13&#8243;][divider line_type=\u00bbNo Line\u00bb custom_height=\u00bb25&#8243;][vc_column_text]<img decoding=\"async\" class=\"hide_on_desktop_center aligncenter wp-image-855 size-medium\" src=\"http:\/\/www.agrogaz.fr\/wp-content\/uploads\/2015\/01\/smart_02-300x172.jpg\" alt=\"\" width=\"300\" height=\"172\" srcset=\"https:\/\/www.agrogaz.fr\/wp-content\/uploads\/2015\/01\/smart_02-300x172.jpg 300w, https:\/\/www.agrogaz.fr\/wp-content\/uploads\/2015\/01\/smart_02.jpg 610w\" sizes=\"(max-width: 300px) 100vw, 300px\" \/>[\/vc_column_text][divider line_type=\u00bbFull Width Line\u00bb line_thickness=\u00bb1&#8243; divider_color=\u00bbdefault\u00bb custom_height=\u00bb75&#8243;][vc_column_text]\n<h3><span class=\"blue\">Tecnolog\u00eda compleja al alcance de su mano:<\/span><\/h3>\n<p>La MMI (interfaz hombre-m\u00e1quina) -el desarrollo inteligente de la visualizaci\u00f3n con aplicaci\u00f3n de Internet para plantas de biog\u00e1s- se ha dise\u00f1ado pensando en la claridad y la funcionalidad. La interfaz incluye muchas funciones \u00fatiles para una gesti\u00f3n eficaz de la planta. Las soluciones inteligentes para controlar, automatizar y supervisar la instalaci\u00f3n convierten la tecnolog\u00eda de control en una central de conmutaci\u00f3n inteligente. Su uso es r\u00e1pido e intuitivo: in situ, en la oficina o a trav\u00e9s del smartphone.[\/vc_column_text][\/vc_column][vc_column column_padding=\u00bbpadding-2-percent\u00bb column_padding_tablet=\u00bbinherit\u00bb column_padding_phone=\u00bbinherit\u00bb column_padding_position=\u00bball\u00bb column_element_spacing=\u00bbdefault\u00bb background_color_opacity=\u00bb1&#8243; background_hover_color_opacity=\u00bb1&#8243; column_shadow=\u00bbnone\u00bb column_border_radius=\u00bbnone\u00bb column_link_target=\u00bb_self\u00bb gradient_direction=\u00bbleft_to_right\u00bb overlay_strength=\u00bb0.3&#8243; width=\u00bb1\/3&#8243; tablet_width_inherit=\u00bbdefault\u00bb tablet_text_alignment=\u00bbdefault\u00bb phone_text_alignment=\u00bbdefault\u00bb bg_image_animation=\u00bbnone\u00bb border_type=\u00bbsimple\u00bb column_border_width=\u00bbnone\u00bb column_border_style=\u00bbsolid\u00bb][divider line_type=\u00bbFull Width Line\u00bb line_thickness=\u00bb1&#8243; divider_color=\u00bbdefault\u00bb custom_height=\u00bb13&#8243;][vc_column_text]\n<h3 class=\"blue\" style=\"text-align: center;\">CONTROL INTELIGENTE<\/h3>\n[\/vc_column_text][divider line_type=\u00bbFull Width Line\u00bb line_thickness=\u00bb1&#8243; divider_color=\u00bbdefault\u00bb custom_height=\u00bb13&#8243;][divider line_type=\u00bbNo Line\u00bb custom_height=\u00bb25&#8243;][vc_column_text]<img decoding=\"async\" class=\"hide_on_desktop_center aligncenter wp-image-857 size-medium\" src=\"http:\/\/www.agrogaz.fr\/wp-content\/uploads\/2015\/01\/smart_04-300x172.jpg\" alt=\"\" width=\"300\" height=\"172\" srcset=\"https:\/\/www.agrogaz.fr\/wp-content\/uploads\/2015\/01\/smart_04-300x172.jpg 300w, https:\/\/www.agrogaz.fr\/wp-content\/uploads\/2015\/01\/smart_04.jpg 610w\" sizes=\"(max-width: 300px) 100vw, 300px\" \/>[\/vc_column_text][divider line_type=\u00bbFull Width Line\u00bb line_thickness=\u00bb1&#8243; divider_color=\u00bbdefault\u00bb custom_height=\u00bb75&#8243;]<div class=\"nectar-fancy-ul\" data-list-icon=\"icon-salient-thin-line\" data-animation=\"false\" data-animation-delay=\"0\" data-color=\"extra-color-1\" data-spacing=\"default\" data-alignment=\"left\"> \n<h3><span class=\"blue\">La planta de biog\u00e1s inteligente:<\/span><\/h3>\n<p>Estamos convencidos de que la tecnolog\u00eda compleja, los informes sobre procesos biol\u00f3gicos y la experiencia acumulada de numerosas plantas de biog\u00e1s pueden combinarse para crear una inteligencia evolutiva. Esto es lo que entendemos como la definici\u00f3n de una planta de biog\u00e1s moderna e inteligente.<\/p>\n<p><span class=\"blue\">Funciones de control inteligente:<\/span><\/p>\n<ul>\n<li>situaci\u00f3n actual de la remuneraci\u00f3n<\/li>\n<li>informes sobre su instalaci\u00f3n<\/li>\n<li>gesti\u00f3n del mantenimiento m\u00e1s sencilla<\/li>\n<li>asistente electr\u00f3nico de gesti\u00f3n operativa<\/li>\n<\/ul>\n<p>Bas\u00e1ndose en los valores medidos registrados durante el proceso de supervisi\u00f3n, el sistema de control inteligente elabora planes de mantenimiento, por ejemplo, y le informa por correo electr\u00f3nico de las medidas que deben tomarse. <\/div>[\/vc_column][\/vc_row][vc_row type=\u00bbin_container\u00bb full_screen_row_position=\u00bbmiddle\u00bb column_margin=\u00bbdefault\u00bb column_direction=\u00bbdefault\u00bb column_direction_tablet=\u00bbdefault\u00bb column_direction_phone=\u00bbdefault\u00bb scene_position=\u00bbcenter\u00bb bottom_padding=\u00bb10%\u00bb text_color=\u00bbdark\u00bb text_align=\u00bbleft\u00bb row_border_radius=\u00bbnone\u00bb row_border_radius_applies=\u00bbbg\u00bb overlay_strength=\u00bb0.3&#8243; gradient_direction=\u00bbleft_to_right\u00bb shape_divider_position=\u00bbbottom\u00bb bg_image_animation=\u00bbnone\u00bb][vc_column column_padding=\u00bbno-extra-padding\u00bb column_padding_tablet=\u00bbinherit\u00bb column_padding_phone=\u00bbinherit\u00bb column_padding_position=\u00bball\u00bb column_element_spacing=\u00bbdefault\u00bb background_color_opacity=\u00bb1&#8243; background_hover_color_opacity=\u00bb1&#8243; column_shadow=\u00bbnone\u00bb column_border_radius=\u00bbnone\u00bb column_link_target=\u00bb_self\u00bb gradient_direction=\u00bbleft_to_right\u00bb overlay_strength=\u00bb0.3&#8243; width=\u00bb1\/1&#8243; tablet_width_inherit=\u00bbdefault\u00bb tablet_text_alignment=\u00bbdefault\u00bb phone_text_alignment=\u00bbdefault\u00bb bg_image_animation=\u00bbnone\u00bb border_type=\u00bbsimple\u00bb column_border_width=\u00bbnone\u00bb column_border_style=\u00bbsolid\u00bb][divider line_type=\u00bbFull Width Line\u00bb line_thickness=\u00bb1&#8243; divider_color=\u00bbdefault\u00bb custom_height=\u00bb13&#8243;][\/vc_column][\/vc_row]\n","protected":false},"excerpt":{"rendered":"<p>[vc_row type=\u00bbin_container\u00bb full_screen_row_position=\u00bbmiddle\u00bb column_margin=\u00bbdefault\u00bb column_direction=\u00bbdefault\u00bb column_direction_tablet=\u00bbdefault\u00bb column_direction_phone=\u00bbdefault\u00bb scene_position=\u00bbcenter\u00bb top_padding=\u00bb3%\u00bb text_color=\u00bbdark\u00bb text_align=\u00bbleft\u00bb row_border_radius=\u00bbnone\u00bb row_border_radius_applies=\u00bbbg\u00bb overlay_strength=\u00bb0.3&#8243; gradient_direction=\u00bbleft_to_right\u00bb shape_divider_position=\u00bbbottom\u00bb bg_image_animation=\u00bbnone\u00bb][vc_column column_padding=\u00bbpadding-1-percent\u00bb column_padding_tablet=\u00bbinherit\u00bb column_padding_phone=\u00bbinherit\u00bb column_padding_position=\u00bball\u00bb column_element_spacing=\u00bbdefault\u00bb background_color_opacity=\u00bb1&#8243; background_hover_color_opacity=\u00bb1&#8243; column_shadow=\u00bbnone\u00bb&#8230;<\/p>\n","protected":false},"author":2,"featured_media":0,"parent":0,"menu_order":0,"comment_status":"closed","ping_status":"open","template":"","meta":{"footnotes":""},"class_list":["post-2753","page","type-page","status-publish"],"_links":{"self":[{"href":"https:\/\/www.agrogaz.fr\/es\/wp-json\/wp\/v2\/pages\/2753","targetHints":{"allow":["GET"]}}],"collection":[{"href":"https:\/\/www.agrogaz.fr\/es\/wp-json\/wp\/v2\/pages"}],"about":[{"href":"https:\/\/www.agrogaz.fr\/es\/wp-json\/wp\/v2\/types\/page"}],"author":[{"embeddable":true,"href":"https:\/\/www.agrogaz.fr\/es\/wp-json\/wp\/v2\/users\/2"}],"replies":[{"embeddable":true,"href":"https:\/\/www.agrogaz.fr\/es\/wp-json\/wp\/v2\/comments?post=2753"}],"version-history":[{"count":2,"href":"https:\/\/www.agrogaz.fr\/es\/wp-json\/wp\/v2\/pages\/2753\/revisions"}],"predecessor-version":[{"id":3041,"href":"https:\/\/www.agrogaz.fr\/es\/wp-json\/wp\/v2\/pages\/2753\/revisions\/3041"}],"wp:attachment":[{"href":"https:\/\/www.agrogaz.fr\/es\/wp-json\/wp\/v2\/media?parent=2753"}],"curies":[{"name":"wp","href":"https:\/\/api.w.org\/{rel}","templated":true}]}}