{"id":2750,"date":"2015-01-22T11:19:00","date_gmt":"2015-01-22T10:19:00","guid":{"rendered":"https:\/\/www.agrogaz.fr\/sistemas-de-instalacion\/"},"modified":"2023-08-23T10:26:43","modified_gmt":"2023-08-23T08:26:43","slug":"sistemas-de-instalacion","status":"publish","type":"page","link":"https:\/\/www.agrogaz.fr\/es\/sistemas-de-instalacion\/","title":{"rendered":"Sistemas de instalaci\u00f3n"},"content":{"rendered":"[vc_row type=\u00bbin_container\u00bb full_screen_row_position=\u00bbmiddle\u00bb column_margin=\u00bbdefault\u00bb column_direction=\u00bbdefault\u00bb column_direction_tablet=\u00bbdefault\u00bb column_direction_phone=\u00bbdefault\u00bb scene_position=\u00bbcenter\u00bb top_padding=\u00bb100&#8243; text_color=\u00bbdark\u00bb text_align=\u00bbleft\u00bb row_border_radius=\u00bbnone\u00bb row_border_radius_applies=\u00bbbg\u00bb overlay_strength=\u00bb0.3&#8243; gradient_direction=\u00bbleft_to_right\u00bb shape_divider_position=\u00bbbottom\u00bb bg_image_animation=\u00bbnone\u00bb shape_type=\u00bb\u00bb][vc_column column_padding=\u00bbno-extra-padding\u00bb column_padding_tablet=\u00bbinherit\u00bb column_padding_phone=\u00bbinherit\u00bb column_padding_position=\u00bball\u00bb column_element_spacing=\u00bbdefault\u00bb background_color_opacity=\u00bb1&#8243; background_hover_color_opacity=\u00bb1&#8243; column_shadow=\u00bbnone\u00bb column_border_radius=\u00bbnone\u00bb column_link_target=\u00bb_self\u00bb gradient_direction=\u00bbleft_to_right\u00bb overlay_strength=\u00bb0.3&#8243; width=\u00bb1\/3&#8243; tablet_width_inherit=\u00bbdefault\u00bb tablet_text_alignment=\u00bbdefault\u00bb phone_text_alignment=\u00bbdefault\u00bb bg_image_animation=\u00bbnone\u00bb border_type=\u00bbsimple\u00bb column_border_width=\u00bbnone\u00bb column_border_style=\u00bbsolid\u00bb][vc_column_text]<img decoding=\"async\" class=\"alignnone wp-image-1210 size-full\" src=\"http:\/\/www.agrogaz.fr\/wp-content\/uploads\/2015\/02\/anlage_system.jpg\" alt=\"\" width=\"625\" height=\"800\" srcset=\"https:\/\/www.agrogaz.fr\/wp-content\/uploads\/2015\/02\/anlage_system.jpg 625w, https:\/\/www.agrogaz.fr\/wp-content\/uploads\/2015\/02\/anlage_system-234x300.jpg 234w\" sizes=\"(max-width: 625px) 100vw, 625px\" \/>[\/vc_column_text][\/vc_column][vc_column column_padding=\u00bbpadding-5-percent\u00bb column_padding_tablet=\u00bbinherit\u00bb column_padding_phone=\u00bbinherit\u00bb column_padding_position=\u00bbleft\u00bb column_element_spacing=\u00bbdefault\u00bb background_color_opacity=\u00bb1&#8243; background_hover_color_opacity=\u00bb1&#8243; column_shadow=\u00bbnone\u00bb column_border_radius=\u00bbnone\u00bb column_link_target=\u00bb_self\u00bb gradient_direction=\u00bbleft_to_right\u00bb overlay_strength=\u00bb0.3&#8243; width=\u00bb2\/3&#8243; tablet_width_inherit=\u00bbdefault\u00bb tablet_text_alignment=\u00bbdefault\u00bb phone_text_alignment=\u00bbdefault\u00bb bg_image_animation=\u00bbnone\u00bb border_type=\u00bbsimple\u00bb column_border_width=\u00bbnone\u00bb column_border_style=\u00bbsolid\u00bb][vc_column_text]\n<h2 class=\"blue\">Para cada reto,<br \/>\nel sistema adecuado<\/h2>\n<p>Nuestra empresa matriz es uno de los socios de biog\u00e1s m\u00e1s experimentados y eficaces para agricultores, inversores, empresas de servicios p\u00fablicos y municipios. Tanto si es un principiante como un profesional del sector del biog\u00e1s, podemos ayudarle con la nueva inversi\u00f3n o la ampliaci\u00f3n de su planta de biog\u00e1s: nuestros sistemas de plantas se adaptan a sus necesidades, sus objetivos y su ubicaci\u00f3n. Todas nuestras instalaciones se caracterizan por su m\u00e1xima funcionalidad y eficacia, y ofrecen una excelente facilidad de uso.<\/p>\n<p>agrogaz france construye plantas de biog\u00e1s de todos los tama\u00f1os y para todos los sustratos: plantas a base de esti\u00e9rcol o purines, ensilado, paja o residuos de matadero.[\/vc_column_text][\/vc_column][\/vc_row][vc_row type=\u00bbin_container\u00bb full_screen_row_position=\u00bbmiddle\u00bb column_margin=\u00bbdefault\u00bb column_direction=\u00bbdefault\u00bb column_direction_tablet=\u00bbdefault\u00bb column_direction_phone=\u00bbdefault\u00bb bg_image=\u00bb306&#8243; bg_position=\u00bbcenter bottom\u00bb background_image_loading=\u00bbdefault\u00bb bg_repeat=\u00bbno-repeat\u00bb scene_position=\u00bbcenter\u00bb text_color=\u00bbdark\u00bb text_align=\u00bbleft\u00bb row_border_radius=\u00bbnone\u00bb row_border_radius_applies=\u00bbbg\u00bb overlay_strength=\u00bb0.3&#8243; gradient_direction=\u00bbleft_to_right\u00bb shape_divider_position=\u00bbbottom\u00bb bg_image_animation=\u00bbnone\u00bb shape_type=\u00bb\u00bb][vc_column column_padding=\u00bbno-extra-padding\u00bb column_padding_tablet=\u00bbinherit\u00bb column_padding_phone=\u00bbinherit\u00bb column_padding_position=\u00bbtop-bottom\u00bb column_element_spacing=\u00bbdefault\u00bb background_color_opacity=\u00bb1&#8243; background_hover_color_opacity=\u00bb1&#8243; column_shadow=\u00bbnone\u00bb column_border_radius=\u00bbnone\u00bb column_link_target=\u00bb_self\u00bb gradient_direction=\u00bbleft_to_right\u00bb overlay_strength=\u00bb0.3&#8243; width=\u00bb1\/1&#8243; tablet_width_inherit=\u00bbdefault\u00bb tablet_text_alignment=\u00bbdefault\u00bb phone_text_alignment=\u00bbdefault\u00bb bg_image_animation=\u00bbnone\u00bb border_type=\u00bbsimple\u00bb column_border_width=\u00bbnone\u00bb column_border_style=\u00bbsolid\u00bb][carousel script=\u00bbowl_carousel\u00bb desktop_cols=\u00bb3&#8243; desktop_small_cols=\u00bb3&#8243; tablet_cols=\u00bb2&#8243; mobile_cols=\u00bb1&#8243; column_padding=\u00bb10px\u00bb autorotate=\u00bbtrue\u00bb][item simple_slider_bg_image_position=\u00bbdefault\u00bb simple_slider_overlay_strength=\u00bb0.3&#8243; id=\u00bb1619080986678-9&#8243; title=\u00bb\u00c9l\u00e9ment\u00bb tab_id=\u00bb1619080986679-1&#8243;][vc_column_text]\n<h3><span class=\"blue\">Instalaciones a base de lodos<br \/>\n(hasta 75 kW)<\/span><\/h3>\n[divider line_type=\u00bbFull Width Line\u00bb custom_height=\u00bb45&#8243;]\n<a href=\"http:\/\/www.agrogaz.fr\/wp-content\/uploads\/2019\/06\/75kw.jpg\" rel=\"prettyPhoto[gallery-XtyK]\"><img decoding=\"async\" class=\"alignnone wp-image-1786 size-full\" src=\"http:\/\/www.agrogaz.fr\/wp-content\/uploads\/2019\/06\/75kw.jpg\" alt=\"\" width=\"650\" height=\"350\" srcset=\"https:\/\/www.agrogaz.fr\/wp-content\/uploads\/2019\/06\/75kw.jpg 650w, https:\/\/www.agrogaz.fr\/wp-content\/uploads\/2019\/06\/75kw-300x162.jpg 300w\" sizes=\"(max-width: 650px) 100vw, 650px\" \/><\/a><img decoding=\"async\" class=\"alignnone wp-image-313 size-full\" src=\"http:\/\/www.agrogaz.fr\/wp-content\/uploads\/2015\/01\/test1.jpg\" alt=\"\" width=\"340\" height=\"30\" srcset=\"https:\/\/www.agrogaz.fr\/wp-content\/uploads\/2015\/01\/test1.jpg 340w, https:\/\/www.agrogaz.fr\/wp-content\/uploads\/2015\/01\/test1-300x26.jpg 300w\" sizes=\"(max-width: 340px) 100vw, 340px\" \/>[\/vc_column_text][\/item][item simple_slider_bg_image_position=\u00bbdefault\u00bb simple_slider_overlay_strength=\u00bb0.3&#8243; title=\u00bb\u00c9l\u00e9ment\u00bb id=\u00bb1619080986722-8&#8243; tab_id=\u00bb1619080986722-8&#8243;][vc_column_text]\n<h3><span class=\"blue\">Planta de biog\u00e1s<br \/>\n250 kW &#8211; 2 MW<\/span><\/h3>\n[divider line_type=\u00bbFull Width Line\u00bb custom_height=\u00bb45&#8243;]\n<a href=\"http:\/\/www.agrogaz.fr\/wp-content\/uploads\/2019\/06\/anlage01.jpg\" rel=\"prettyPhoto[gallery-XtyK]\"><img decoding=\"async\" class=\"alignnone wp-image-1776 size-full\" src=\"http:\/\/www.agrogaz.fr\/wp-content\/uploads\/2019\/06\/anlage01.jpg\" alt=\"\" width=\"650\" height=\"350\" srcset=\"https:\/\/www.agrogaz.fr\/wp-content\/uploads\/2019\/06\/anlage01.jpg 650w, https:\/\/www.agrogaz.fr\/wp-content\/uploads\/2019\/06\/anlage01-300x162.jpg 300w\" sizes=\"(max-width: 650px) 100vw, 650px\" \/><\/a><img decoding=\"async\" class=\"alignnone wp-image-313 size-full\" src=\"http:\/\/www.agrogaz.fr\/wp-content\/uploads\/2015\/01\/test1.jpg\" alt=\"\" width=\"340\" height=\"30\" srcset=\"https:\/\/www.agrogaz.fr\/wp-content\/uploads\/2015\/01\/test1.jpg 340w, https:\/\/www.agrogaz.fr\/wp-content\/uploads\/2015\/01\/test1-300x26.jpg 300w\" sizes=\"(max-width: 340px) 100vw, 340px\" \/>[\/vc_column_text][\/item][item simple_slider_bg_image_position=\u00bbdefault\u00bb simple_slider_overlay_strength=\u00bb0.3&#8243; title=\u00bb\u00c9l\u00e9ment\u00bb id=\u00bb1619080986745-8&#8243; tab_id=\u00bb1619080986745-6&#8243;][vc_column_text]\n<h3><span class=\"blue\">Instalaciones de biometano<br \/>\n300 Nm\u00b3 &#8211; 2.000 Nm\u00b3 (en metros c\u00fabicos)<\/span><\/h3>\n[divider line_type=\u00bbFull Width Line\u00bb custom_height=\u00bb45&#8243;]\n<a href=\"http:\/\/www.agrogaz.fr\/wp-content\/uploads\/2019\/06\/anlage02.jpg\" rel=\"prettyPhoto[gallery-XtyK]\"><img decoding=\"async\" class=\"alignnone wp-image-1784 size-full\" src=\"http:\/\/www.agrogaz.fr\/wp-content\/uploads\/2019\/06\/anlage02.jpg\" alt=\"\" width=\"650\" height=\"350\" srcset=\"https:\/\/www.agrogaz.fr\/wp-content\/uploads\/2019\/06\/anlage02.jpg 650w, https:\/\/www.agrogaz.fr\/wp-content\/uploads\/2019\/06\/anlage02-300x162.jpg 300w\" sizes=\"(max-width: 650px) 100vw, 650px\" \/><\/a><img decoding=\"async\" class=\"alignnone wp-image-313 size-full\" src=\"http:\/\/www.agrogaz.fr\/wp-content\/uploads\/2015\/01\/test1.jpg\" alt=\"\" width=\"340\" height=\"30\" srcset=\"https:\/\/www.agrogaz.fr\/wp-content\/uploads\/2015\/01\/test1.jpg 340w, https:\/\/www.agrogaz.fr\/wp-content\/uploads\/2015\/01\/test1-300x26.jpg 300w\" sizes=\"(max-width: 340px) 100vw, 340px\" \/>[\/vc_column_text][\/item][\/carousel][\/vc_column][\/vc_row][vc_row type=\u00bbin_container\u00bb full_screen_row_position=\u00bbmiddle\u00bb column_margin=\u00bbdefault\u00bb column_direction=\u00bbdefault\u00bb column_direction_tablet=\u00bbdefault\u00bb column_direction_phone=\u00bbdefault\u00bb scene_position=\u00bbcenter\u00bb text_color=\u00bbdark\u00bb text_align=\u00bbleft\u00bb row_border_radius=\u00bbnone\u00bb row_border_radius_applies=\u00bbbg\u00bb overlay_strength=\u00bb0.3&#8243; gradient_direction=\u00bbleft_to_right\u00bb shape_divider_position=\u00bbbottom\u00bb bg_image_animation=\u00bbnone\u00bb][vc_column column_padding=\u00bbno-extra-padding\u00bb column_padding_tablet=\u00bbinherit\u00bb column_padding_phone=\u00bbinherit\u00bb column_padding_position=\u00bbright\u00bb column_element_spacing=\u00bbdefault\u00bb background_color_opacity=\u00bb1&#8243; background_hover_color_opacity=\u00bb1&#8243; column_shadow=\u00bbnone\u00bb column_border_radius=\u00bbnone\u00bb column_link_target=\u00bb_self\u00bb gradient_direction=\u00bbleft_to_right\u00bb overlay_strength=\u00bb0.3&#8243; width=\u00bb1\/3&#8243; tablet_width_inherit=\u00bbdefault\u00bb tablet_text_alignment=\u00bbdefault\u00bb phone_text_alignment=\u00bbdefault\u00bb bg_image_animation=\u00bbnone\u00bb border_type=\u00bbsimple\u00bb column_border_width=\u00bbnone\u00bb column_border_style=\u00bbsolid\u00bb][vc_column_text]<img decoding=\"async\" class=\"alignnone wp-image-529 size-full\" src=\"http:\/\/www.agrogaz.fr\/wp-content\/uploads\/2015\/01\/stripes_blue.jpg\" alt=\"\" width=\"610\" height=\"80\" srcset=\"https:\/\/www.agrogaz.fr\/wp-content\/uploads\/2015\/01\/stripes_blue.jpg 610w, https:\/\/www.agrogaz.fr\/wp-content\/uploads\/2015\/01\/stripes_blue-300x39.jpg 300w, https:\/\/www.agrogaz.fr\/wp-content\/uploads\/2015\/01\/stripes_blue-600x80.jpg 600w\" sizes=\"(max-width: 610px) 100vw, 610px\" \/><img decoding=\"async\" class=\"alignnone wp-image-785 size-full\" src=\"http:\/\/www.agrogaz.fr\/wp-content\/uploads\/2015\/01\/analgae.jpg\" alt=\"\" width=\"625\" height=\"800\" srcset=\"https:\/\/www.agrogaz.fr\/wp-content\/uploads\/2015\/01\/analgae.jpg 625w, https:\/\/www.agrogaz.fr\/wp-content\/uploads\/2015\/01\/analgae-234x300.jpg 234w\" sizes=\"(max-width: 625px) 100vw, 625px\" \/>[\/vc_column_text][\/vc_column][vc_column column_padding=\u00bbpadding-5-percent\u00bb column_padding_tablet=\u00bbinherit\u00bb column_padding_phone=\u00bbinherit\u00bb column_padding_position=\u00bbleft\u00bb column_element_spacing=\u00bbdefault\u00bb background_color_opacity=\u00bb1&#8243; background_hover_color_opacity=\u00bb1&#8243; column_shadow=\u00bbnone\u00bb column_border_radius=\u00bbnone\u00bb column_link_target=\u00bb_self\u00bb gradient_direction=\u00bbleft_to_right\u00bb overlay_strength=\u00bb0.3&#8243; width=\u00bb2\/3&#8243; tablet_width_inherit=\u00bbdefault\u00bb tablet_text_alignment=\u00bbdefault\u00bb phone_text_alignment=\u00bbdefault\u00bb bg_image_animation=\u00bbnone\u00bb border_type=\u00bbsimple\u00bb column_border_width=\u00bbnone\u00bb column_border_style=\u00bbsolid\u00bb][vc_column_text]\n<h2 class=\"blue\">Sistemas individuales<br \/>\nalto rendimiento<\/h2>\n<p>Cada planta de biog\u00e1s y biometano consta -independientemente de su tama\u00f1o y concepto de sustrato- de una l\u00ednea de fermentaci\u00f3n de dise\u00f1o modular. Aqu\u00ed es donde entran en juego los elementos de calidad probada, que est\u00e1n perfectamente coordinados y pueden combinarse con flexibilidad para adaptarse a proyectos individuales. El resultado son instalaciones con procesos estables que pueden ampliarse o extenderse en cualquier momento. El alto grado de prefabricaci\u00f3n y la tecnolog\u00eda de sistemas de f\u00e1cil instalaci\u00f3n permiten construir la planta de forma m\u00e1s r\u00e1pida y segura, con la m\u00e1xima calidad de mano de obra.[\/vc_column_text][\/vc_column][\/vc_row][vc_row type=\u00bbin_container\u00bb full_screen_row_position=\u00bbmiddle\u00bb column_margin=\u00bbdefault\u00bb column_direction=\u00bbdefault\u00bb column_direction_tablet=\u00bbdefault\u00bb column_direction_phone=\u00bbdefault\u00bb scene_position=\u00bbcenter\u00bb text_color=\u00bbdark\u00bb text_align=\u00bbleft\u00bb row_border_radius=\u00bbnone\u00bb row_border_radius_applies=\u00bbbg\u00bb overlay_strength=\u00bb0.3&#8243; gradient_direction=\u00bbleft_to_right\u00bb shape_divider_position=\u00bbbottom\u00bb bg_image_animation=\u00bbnone\u00bb][vc_column column_padding=\u00bbno-extra-padding\u00bb column_padding_tablet=\u00bbinherit\u00bb column_padding_phone=\u00bbinherit\u00bb column_padding_position=\u00bball\u00bb column_element_spacing=\u00bbdefault\u00bb background_color_opacity=\u00bb1&#8243; background_hover_color_opacity=\u00bb1&#8243; column_shadow=\u00bbnone\u00bb column_border_radius=\u00bbnone\u00bb column_link_target=\u00bb_self\u00bb gradient_direction=\u00bbleft_to_right\u00bb overlay_strength=\u00bb0.3&#8243; width=\u00bb1\/1&#8243; tablet_width_inherit=\u00bbdefault\u00bb tablet_text_alignment=\u00bbdefault\u00bb phone_text_alignment=\u00bbdefault\u00bb bg_image_animation=\u00bbnone\u00bb border_type=\u00bbsimple\u00bb column_border_width=\u00bbnone\u00bb column_border_style=\u00bbsolid\u00bb][divider line_type=\u00bbFull Width Line\u00bb line_thickness=\u00bb1&#8243; divider_color=\u00bbdefault\u00bb custom_height=\u00bb13&#8243;][\/vc_column][\/vc_row]\n","protected":false},"excerpt":{"rendered":"<p>[vc_row type=\u00bbin_container\u00bb full_screen_row_position=\u00bbmiddle\u00bb column_margin=\u00bbdefault\u00bb column_direction=\u00bbdefault\u00bb column_direction_tablet=\u00bbdefault\u00bb column_direction_phone=\u00bbdefault\u00bb scene_position=\u00bbcenter\u00bb top_padding=\u00bb100&#8243; text_color=\u00bbdark\u00bb text_align=\u00bbleft\u00bb row_border_radius=\u00bbnone\u00bb row_border_radius_applies=\u00bbbg\u00bb overlay_strength=\u00bb0.3&#8243; gradient_direction=\u00bbleft_to_right\u00bb shape_divider_position=\u00bbbottom\u00bb bg_image_animation=\u00bbnone\u00bb shape_type=\u00bb\u00bb][vc_column column_padding=\u00bbno-extra-padding\u00bb column_padding_tablet=\u00bbinherit\u00bb column_padding_phone=\u00bbinherit\u00bb column_padding_position=\u00bball\u00bb column_element_spacing=\u00bbdefault\u00bb background_color_opacity=\u00bb1&#8243; background_hover_color_opacity=\u00bb1&#8243;&#8230;<\/p>\n","protected":false},"author":2,"featured_media":0,"parent":0,"menu_order":0,"comment_status":"closed","ping_status":"open","template":"","meta":{"footnotes":""},"class_list":["post-2750","page","type-page","status-publish"],"_links":{"self":[{"href":"https:\/\/www.agrogaz.fr\/es\/wp-json\/wp\/v2\/pages\/2750","targetHints":{"allow":["GET"]}}],"collection":[{"href":"https:\/\/www.agrogaz.fr\/es\/wp-json\/wp\/v2\/pages"}],"about":[{"href":"https:\/\/www.agrogaz.fr\/es\/wp-json\/wp\/v2\/types\/page"}],"author":[{"embeddable":true,"href":"https:\/\/www.agrogaz.fr\/es\/wp-json\/wp\/v2\/users\/2"}],"replies":[{"embeddable":true,"href":"https:\/\/www.agrogaz.fr\/es\/wp-json\/wp\/v2\/comments?post=2750"}],"version-history":[{"count":2,"href":"https:\/\/www.agrogaz.fr\/es\/wp-json\/wp\/v2\/pages\/2750\/revisions"}],"predecessor-version":[{"id":3379,"href":"https:\/\/www.agrogaz.fr\/es\/wp-json\/wp\/v2\/pages\/2750\/revisions\/3379"}],"wp:attachment":[{"href":"https:\/\/www.agrogaz.fr\/es\/wp-json\/wp\/v2\/media?parent=2750"}],"curies":[{"name":"wp","href":"https:\/\/api.w.org\/{rel}","templated":true}]}}